{"id":19,"date":"2023-11-03T09:45:55","date_gmt":"2023-11-03T09:45:55","guid":{"rendered":"http:\/\/www.canmedline.com\/?page_id=19"},"modified":"2023-11-10T09:33:03","modified_gmt":"2023-11-10T09:33:03","slug":"iletisim","status":"publish","type":"page","link":"http:\/\/www.canmedline.com\/?page_id=19","title":{"rendered":"\u0130leti\u015fim"},"content":{"rendered":"<div class=\"wp-block-image\">\n<figure class=\"aligncenter size-large is-resized\"><img loading=\"lazy\" decoding=\"async\" width=\"1024\" height=\"394\" src=\"http:\/\/www.canmedline.com\/wp-content\/uploads\/2023\/11\/iletisim1-1024x394.jpg\" alt=\"\" class=\"wp-image-189\" style=\"width:394px;height:auto\" srcset=\"http:\/\/www.canmedline.com\/wp-content\/uploads\/2023\/11\/iletisim1-1024x394.jpg 1024w, http:\/\/www.canmedline.com\/wp-content\/uploads\/2023\/11\/iletisim1-300x115.jpg 300w, http:\/\/www.canmedline.com\/wp-content\/uploads\/2023\/11\/iletisim1-768x295.jpg 768w, http:\/\/www.canmedline.com\/wp-content\/uploads\/2023\/11\/iletisim1-1536x590.jpg 1536w, http:\/\/www.canmedline.com\/wp-content\/uploads\/2023\/11\/iletisim1-600x231.jpg 600w, http:\/\/www.canmedline.com\/wp-content\/uploads\/2023\/11\/iletisim1-280x108.jpg 280w, http:\/\/www.canmedline.com\/wp-content\/uploads\/2023\/11\/iletisim1.jpg 1600w\" sizes=\"(max-width: 1024px) 100vw, 1024px\" \/><\/figure><\/div>\n\n\n<p><\/p>\n\n\n\n<p class=\"has-text-align-center\"><strong>Bize Ula\u015f\u0131n<\/strong><\/p>\n\n\n\n<p class=\"has-text-align-center\"><br>Telefon: <a href=\"tel: 0216 336 84 06\">0216 336 84 06<\/a><br><br>Mobil: <a href=\"tel: 0541 551 51 19\">0541 551 51 19<\/a><\/p>\n\n\n\n<p class=\"has-text-align-center\">Mail: canmedline@gmail.com <\/p>\n\n\n\n<p class=\"has-text-align-center\">Adres: R\u0131ht\u0131m Cad.Uzunhaf\u0131z Sok.No: 39 \/ 1 Kad\u0131k\u00f6y \/ \u0130STANBUL <\/p>\n\n\n\n<p class=\"has-text-align-center\"><strong>Konum Bilgisi<\/strong><\/p>\n\n\n\n<div class=\"wp-block-image is-style-default\"><figure class=\"aligncenter size-large is-resized\"><iframe loading=\"lazy\" src=\"https:\/\/www.google.com\/maps\/embed?pb=!1m18!1m12!1m3!1d3011.3823550552734!2d29.02449091541365!3d40.995003679302066!2m3!1f0!2f0!3f0!3m2!1i1024!2i768!4f13.1!3m3!1m2!1s0x0%3A0x5aa1e7d67510148e!2sCan%20Med%20T%C4%B1bbi%20Tekstil!5e0!3m2!1str!2str!4v1577127064992!5m2!1str!2str\" width=\"600\" height=\"450\" frameborder=\"0\" style=\"border:0;\" allowfullscreen=\"\"><\/iframe><\/div>\n\n\n\n<p><\/p>\n\n\n\n<p><\/p>\n","protected":false},"excerpt":{"rendered":"<p>Bize Ula\u015f\u0131n Telefon: 0216 336 84 06 Mobil: 0541 551 51 19 Mail: canmedline@gmail.com Adres: R\u0131ht\u0131m Cad.Uzunhaf\u0131z Sok.No: 39 \/ 1 Kad\u0131k\u00f6y \/ \u0130STANBUL Konum Bilgisi<\/p>\n","protected":false},"author":1,"featured_media":0,"parent":0,"menu_order":0,"comment_status":"closed","ping_status":"closed","template":"","meta":{"footnotes":""},"_links":{"self":[{"href":"http:\/\/www.canmedline.com\/index.php?rest_route=\/wp\/v2\/pages\/19"}],"collection":[{"href":"http:\/\/www.canmedline.com\/index.php?rest_route=\/wp\/v2\/pages"}],"about":[{"href":"http:\/\/www.canmedline.com\/index.php?rest_route=\/wp\/v2\/types\/page"}],"author":[{"embeddable":true,"href":"http:\/\/www.canmedline.com\/index.php?rest_route=\/wp\/v2\/users\/1"}],"replies":[{"embeddable":true,"href":"http:\/\/www.canmedline.com\/index.php?rest_route=%2Fwp%2Fv2%2Fcomments&post=19"}],"version-history":[{"count":31,"href":"http:\/\/www.canmedline.com\/index.php?rest_route=\/wp\/v2\/pages\/19\/revisions"}],"predecessor-version":[{"id":269,"href":"http:\/\/www.canmedline.com\/index.php?rest_route=\/wp\/v2\/pages\/19\/revisions\/269"}],"wp:attachment":[{"href":"http:\/\/www.canmedline.com\/index.php?rest_route=%2Fwp%2Fv2%2Fmedia&parent=19"}],"curies":[{"name":"wp","href":"https:\/\/api.w.org\/{rel}","templated":true}]}}