{"id":13,"date":"2023-11-03T09:44:25","date_gmt":"2023-11-03T09:44:25","guid":{"rendered":"http:\/\/www.canmedline.com\/?page_id=13"},"modified":"2023-11-10T07:59:49","modified_gmt":"2023-11-10T07:59:49","slug":"hakkimizda","status":"publish","type":"page","link":"http:\/\/www.canmedline.com\/?page_id=13","title":{"rendered":"Hakk\u0131m\u0131zda"},"content":{"rendered":"\n<p class=\"has-text-align-center\">Can Med, kalite ve de\u011ferlerinden \u00f6d\u00fcn vermeden hastane tekstili sekt\u00f6rin&#8217;de faaliyet g\u00f6stermektedir. Bir aile \u015firketi olan firmam\u0131z, hastanelerde kullan\u0131lan t\u00fcm tekstil \u00fcr\u00fcnlerini \u00fcretmektedir.<\/p>\n\n\n\n<p class=\"has-text-align-center\">\u00a0 \u00a0 \u00a0\u0130malat , ithalat ve ihracat\u00e7\u0131 kimli\u011fimizle sekt\u00f6r\u00fcn nabz\u0131n\u0131 tutmaktay\u0131z. Genel olarak kendi tasarlad\u0131\u011f\u0131m\u0131z ve imal etti\u011fimiz \u00fcr\u00fcnlerimizi, imalat\u00e7\u0131 kimli\u011fimizin vermi\u015f oldu\u011fu g\u00fc\u00e7le fiyatlara ve kaliteye yans\u0131tarak t\u00fcketicilerimize g\u00fcncel, modern, s\u00fcrekli yenilenen estetik ve kaliteli \u00fcr\u00fcnler olarak sunmaktay\u0131z.<\/p>\n\n\n<div class=\"wp-block-image\">\n<figure class=\"aligncenter size-full is-resized\"><img loading=\"lazy\" decoding=\"async\" width=\"476\" height=\"272\" src=\"http:\/\/www.canmedline.com\/wp-content\/uploads\/2023\/11\/urunlertaslak.jpg\" alt=\"\" class=\"wp-image-209\" style=\"width:504px;height:auto\" srcset=\"http:\/\/www.canmedline.com\/wp-content\/uploads\/2023\/11\/urunlertaslak.jpg 476w, http:\/\/www.canmedline.com\/wp-content\/uploads\/2023\/11\/urunlertaslak-300x171.jpg 300w, http:\/\/www.canmedline.com\/wp-content\/uploads\/2023\/11\/urunlertaslak-280x160.jpg 280w\" sizes=\"(max-width: 476px) 100vw, 476px\" \/><\/figure><\/div>\n\n\n<p>&nbsp; &nbsp;<\/p>\n","protected":false},"excerpt":{"rendered":"<p>Can Med, kalite ve de\u011ferlerinden \u00f6d\u00fcn vermeden hastane tekstili sekt\u00f6rin&#8217;de faaliyet g\u00f6stermektedir. Bir aile \u015firketi olan firmam\u0131z, hastanelerde kullan\u0131lan t\u00fcm tekstil \u00fcr\u00fcnlerini \u00fcretmektedir. \u00a0 \u00a0 \u00a0\u0130malat , ithalat ve ihracat\u00e7\u0131 kimli\u011fimizle sekt\u00f6r\u00fcn nabz\u0131n\u0131 tutmaktay\u0131z. Genel olarak kendi tasarlad\u0131\u011f\u0131m\u0131z ve imal etti\u011fimiz \u00fcr\u00fcnlerimizi, imalat\u00e7\u0131 kimli\u011fimizin vermi\u015f oldu\u011fu g\u00fc\u00e7le fiyatlara ve kaliteye yans\u0131tarak t\u00fcketicilerimize g\u00fcncel, modern, s\u00fcrekli&hellip;<\/p>\n","protected":false},"author":1,"featured_media":0,"parent":0,"menu_order":0,"comment_status":"closed","ping_status":"closed","template":"","meta":{"footnotes":""},"_links":{"self":[{"href":"http:\/\/www.canmedline.com\/index.php?rest_route=\/wp\/v2\/pages\/13"}],"collection":[{"href":"http:\/\/www.canmedline.com\/index.php?rest_route=\/wp\/v2\/pages"}],"about":[{"href":"http:\/\/www.canmedline.com\/index.php?rest_route=\/wp\/v2\/types\/page"}],"author":[{"embeddable":true,"href":"http:\/\/www.canmedline.com\/index.php?rest_route=\/wp\/v2\/users\/1"}],"replies":[{"embeddable":true,"href":"http:\/\/www.canmedline.com\/index.php?rest_route=%2Fwp%2Fv2%2Fcomments&post=13"}],"version-history":[{"count":5,"href":"http:\/\/www.canmedline.com\/index.php?rest_route=\/wp\/v2\/pages\/13\/revisions"}],"predecessor-version":[{"id":224,"href":"http:\/\/www.canmedline.com\/index.php?rest_route=\/wp\/v2\/pages\/13\/revisions\/224"}],"wp:attachment":[{"href":"http:\/\/www.canmedline.com\/index.php?rest_route=%2Fwp%2Fv2%2Fmedia&parent=13"}],"curies":[{"name":"wp","href":"https:\/\/api.w.org\/{rel}","templated":true}]}}